{"id":778,"date":"2017-04-24T22:03:38","date_gmt":"2017-04-24T21:03:38","guid":{"rendered":"http:\/\/www.gruposcoutphoenix.com\/blog\/?page_id=778"},"modified":"2017-05-03T21:15:10","modified_gmt":"2017-05-03T20:15:10","slug":"quienes-somos","status":"publish","type":"page","link":"http:\/\/www.gruposcoutphoenix.com\/blog\/quienes-somos\/","title":{"rendered":"\u00bfQui\u00e9nes somos?"},"content":{"rendered":"<p>El Grupo Scout Phoenix es una asociaci\u00f3n que tiene su local en La Navata (Galapagar), y que busca unir a ni\u00f1os, ni\u00f1as y j\u00f3venes para que aprendan a convivir y a desarrollar plenamente su personalidad. Esto lo logramos gracias a juegos, din\u00e1micas, talleres y proyectos, tanto en nuestro pueblo como en contacto directo con la naturaleza en acampadas y excursiones.<\/p>\n<p>Pero, \u00bfqu\u00e9 nos diferencia de una asociaci\u00f3n juvenil de ocio? Como grupo scout, educamos en valores con un m\u00e9todo educativo propio, basado en el aprendizaje a trav\u00e9s de la experiencia\u00a0y en la asunci\u00f3n de responsabilidades dentro de grupos de trabajo y juegos. Pertenecer a un grupo scout es, por tanto, tener la oportunidad de aprender a convivir y de desarrollar valores como tolerancia, igualdad, ayuda a los dem\u00e1s, trabajo en equipo, respeto a la naturaleza o cuidado de la propia salud.<\/p>\n<div data-animation=\"no-animation\" data-icons-animation=\"no-animation\" data-overlay=\"\" data-change-size=\"\" data-button-size=\"1\" style=\"font-size:1em!important;display:none;\" class=\"supsystic-social-sharing supsystic-social-sharing-package-flat supsystic-social-sharing-content supsystic-social-sharing-content-align-center\" data-text=\"\"><a data-networks=\"[]\" class=\"social-sharing-button sharer-flat sharer-flat-5 counter-standard without-counter facebook\" target=\"_blank\" title=\"Facebook\" href=\"http:\/\/www.facebook.com\/sharer.php?u=http%3A%2F%2Fwww.gruposcoutphoenix.com%2Fblog%2Fquienes-somos%2F\" data-main-href=\"http:\/\/www.facebook.com\/sharer.php?u={url}\" data-nid=\"1\" data-name=\"\" data-pid=\"1\" data-post-id=\"778\" data-url=\"http:\/\/www.gruposcoutphoenix.com\/blog\/wp-admin\/admin-ajax.php\" data-description=\"\u00bfQui\u00e9nes somos?\" rel=\"nofollow\" data-mailto=\"\"><i class=\"fa-ssbs fa-ssbs-fw fa-ssbs-facebook\"><\/i><div class=\"counter-wrap standard\"><span class=\"counter\">119<\/span><\/div><\/a><a data-networks=\"[]\" class=\"social-sharing-button sharer-flat sharer-flat-5 counter-standard without-counter twitter\" target=\"_blank\" title=\"Twitter\" href=\"https:\/\/twitter.com\/share?url=http%3A%2F%2Fwww.gruposcoutphoenix.com%2Fblog%2Fquienes-somos%2F&text=Nuevo+post%3A+%C2%BFQui%C3%A9nes+somos%3F\" data-main-href=\"https:\/\/twitter.com\/share?url={url}&text={title}\" data-nid=\"2\" data-name=\"\" data-pid=\"1\" data-post-id=\"778\" data-url=\"http:\/\/www.gruposcoutphoenix.com\/blog\/wp-admin\/admin-ajax.php\" data-description=\"\u00bfQui\u00e9nes somos?\" rel=\"nofollow\" data-mailto=\"\"><i class=\"fa-ssbs fa-ssbs-fw fa-ssbs-twitter\"><\/i><div class=\"counter-wrap standard\"><span class=\"counter\">34<\/span><\/div><\/a><a data-networks=\"[]\" class=\"social-sharing-button sharer-flat sharer-flat-5 counter-standard without-counter whatsapp\" target=\"_blank\" title=\"WhatsApp\" href=\"https:\/\/web.whatsapp.com\/send?text=http%3A%2F%2Fwww.gruposcoutphoenix.com%2Fblog%2Fquienes-somos%2F\" data-main-href=\"https:\/\/web.whatsapp.com\/send?text={url}\" data-nid=\"18\" data-name=\"\" data-pid=\"1\" data-post-id=\"778\" data-url=\"http:\/\/www.gruposcoutphoenix.com\/blog\/wp-admin\/admin-ajax.php\" data-description=\"\u00bfQui\u00e9nes somos?\" rel=\"nofollow\" data-mailto=\"\"><i class=\"fa-ssbs fa-ssbs-fw fa-ssbs-whatsapp\"><\/i><div class=\"counter-wrap standard\"><span class=\"counter\">113<\/span><\/div><\/a><\/div>","protected":false},"excerpt":{"rendered":"<p>El Grupo Scout Phoenix es una asociaci\u00f3n que tiene su local en La Navata (Galapagar), y que busca unir a ni\u00f1os, ni\u00f1as y j\u00f3venes para que aprendan a convivir y a desarrollar plenamente su personalidad. Esto lo logramos gracias a juegos, din\u00e1micas, talleres y proyectos, tanto en nuestro pueblo como en contacto directo con la [&hellip;]<\/p>\n<div data-animation=\"no-animation\" data-icons-animation=\"no-animation\" data-overlay=\"\" data-change-size=\"\" data-button-size=\"1\" style=\"font-size:1em!important;display:none;\" class=\"supsystic-social-sharing supsystic-social-sharing-package-flat supsystic-social-sharing-content supsystic-social-sharing-content-align-center\" data-text=\"\"><a data-networks=\"[]\" class=\"social-sharing-button sharer-flat sharer-flat-5 counter-standard without-counter facebook\" target=\"_blank\" title=\"Facebook\" href=\"http:\/\/www.facebook.com\/sharer.php?u=http%3A%2F%2Fwww.gruposcoutphoenix.com%2Fblog%2Fquienes-somos%2F\" data-main-href=\"http:\/\/www.facebook.com\/sharer.php?u={url}\" data-nid=\"1\" data-name=\"\" data-pid=\"1\" data-post-id=\"778\" data-url=\"http:\/\/www.gruposcoutphoenix.com\/blog\/wp-admin\/admin-ajax.php\" data-description=\"\u00bfQui\u00e9nes somos?\" rel=\"nofollow\" data-mailto=\"\"><i class=\"fa-ssbs fa-ssbs-fw fa-ssbs-facebook\"><\/i><div class=\"counter-wrap standard\"><span class=\"counter\">119<\/span><\/div><\/a><a data-networks=\"[]\" class=\"social-sharing-button sharer-flat sharer-flat-5 counter-standard without-counter twitter\" target=\"_blank\" title=\"Twitter\" href=\"https:\/\/twitter.com\/share?url=http%3A%2F%2Fwww.gruposcoutphoenix.com%2Fblog%2Fquienes-somos%2F&text=Nuevo+post%3A+%C2%BFQui%C3%A9nes+somos%3F\" data-main-href=\"https:\/\/twitter.com\/share?url={url}&text={title}\" data-nid=\"2\" data-name=\"\" data-pid=\"1\" data-post-id=\"778\" data-url=\"http:\/\/www.gruposcoutphoenix.com\/blog\/wp-admin\/admin-ajax.php\" data-description=\"\u00bfQui\u00e9nes somos?\" rel=\"nofollow\" data-mailto=\"\"><i class=\"fa-ssbs fa-ssbs-fw fa-ssbs-twitter\"><\/i><div class=\"counter-wrap standard\"><span class=\"counter\">34<\/span><\/div><\/a><a data-networks=\"[]\" class=\"social-sharing-button sharer-flat sharer-flat-5 counter-standard without-counter whatsapp\" target=\"_blank\" title=\"WhatsApp\" href=\"https:\/\/web.whatsapp.com\/send?text=http%3A%2F%2Fwww.gruposcoutphoenix.com%2Fblog%2Fquienes-somos%2F\" data-main-href=\"https:\/\/web.whatsapp.com\/send?text={url}\" data-nid=\"18\" data-name=\"\" data-pid=\"1\" data-post-id=\"778\" data-url=\"http:\/\/www.gruposcoutphoenix.com\/blog\/wp-admin\/admin-ajax.php\" data-description=\"\u00bfQui\u00e9nes somos?\" rel=\"nofollow\" data-mailto=\"\"><i class=\"fa-ssbs fa-ssbs-fw fa-ssbs-whatsapp\"><\/i><div class=\"counter-wrap standard\"><span class=\"counter\">113<\/span><\/div><\/a><\/div>","protected":false},"author":11,"featured_media":0,"parent":0,"menu_order":1,"comment_status":"closed","ping_status":"closed","template":"","meta":[],"_links":{"self":[{"href":"http:\/\/www.gruposcoutphoenix.com\/blog\/wp-json\/wp\/v2\/pages\/778"}],"collection":[{"href":"http:\/\/www.gruposcoutphoenix.com\/blog\/wp-json\/wp\/v2\/pages"}],"about":[{"href":"http:\/\/www.gruposcoutphoenix.com\/blog\/wp-json\/wp\/v2\/types\/page"}],"author":[{"embeddable":true,"href":"http:\/\/www.gruposcoutphoenix.com\/blog\/wp-json\/wp\/v2\/users\/11"}],"replies":[{"embeddable":true,"href":"http:\/\/www.gruposcoutphoenix.com\/blog\/wp-json\/wp\/v2\/comments?post=778"}],"version-history":[{"count":5,"href":"http:\/\/www.gruposcoutphoenix.com\/blog\/wp-json\/wp\/v2\/pages\/778\/revisions"}],"predecessor-version":[{"id":2369,"href":"http:\/\/www.gruposcoutphoenix.com\/blog\/wp-json\/wp\/v2\/pages\/778\/revisions\/2369"}],"wp:attachment":[{"href":"http:\/\/www.gruposcoutphoenix.com\/blog\/wp-json\/wp\/v2\/media?parent=778"}],"curies":[{"name":"wp","href":"https:\/\/api.w.org\/{rel}","templated":true}]}}