{"id":777,"date":"2017-04-24T22:20:39","date_gmt":"2017-04-24T21:20:39","guid":{"rendered":"http:\/\/www.gruposcoutphoenix.com\/blog\/?page_id=777"},"modified":"2017-04-27T14:56:46","modified_gmt":"2017-04-27T13:56:46","slug":"disposiciones-legales","status":"publish","type":"page","link":"http:\/\/www.gruposcoutphoenix.com\/blog\/quienes-somos\/disposiciones-legales\/","title":{"rendered":"Disposiciones legales"},"content":{"rendered":"<h2 class=\"h3 titulo-subrayado\">\u00bfQu\u00e9 es una cookie?<\/h2>\n<p>Una cookie es un fichero que se descarga en su ordenador al acceder a determinadas p\u00e1ginas web. Las cookies permiten a una p\u00e1gina web, entre otras cosas, almacenar y recuperar informaci\u00f3n sobre los h\u00e1bitos de navegaci\u00f3n de un usuario o de su equipo y, dependiendo de la informaci\u00f3n que contengan y de la forma en que utilice su equipo, pueden utilizarse para reconocer al usuario.<\/p>\n<h2 class=\"titulo-subrayado m-t-3 url-break h3\">\u00bfQu\u00e9 tipos de cookies utiliza www.gruposcoutphoenix.com?<\/h2>\n<p>Seg\u00fan el plazo de tiempo que permanecen activas las cookies pueden ser:<\/p>\n<ul class=\"text-only-content\">\n<li><strong>Cookies de sesi\u00f3n<\/strong>: dise\u00f1adas para recabar y almacenar datos mientras el usuario accede a una p\u00e1gina web. Se suelen emplear para almacenar informaci\u00f3n que s\u00f3lo interesa conservar para la prestaci\u00f3n del servicio solicitado por el usuario en una sola ocasi\u00f3n (por ejemplo, una lista de productos adquiridos).<\/li>\n<li><strong>Cookies persistentes<\/strong>: Son un tipo de cookies por las que los datos siguen almacenados en el terminal y puede accederse a ellos y ser tratados durante un periodo definido. Tienen fecha de borrado. Se utilizan por ejemplo en el proceso de compra o registro para evitar tener que introducir nuestros datos constantemente.<\/li>\n<\/ul>\n<p>Seg\u00fan quien sea la entidad que gestione el equipo o dominio desde donde se env\u00edan las cookies y trate los datos que se obtengan, podemos distinguir:<\/p>\n<ul class=\"text-only-content\">\n<li><strong>Cookies propias:<\/strong> Son aquellas que se env\u00edan al dispositivo del usuario gestionadas exclusivamente por nosotros para el mejor funcionamiento del sitio.<\/li>\n<li><strong>Cookies de terceros:<\/strong> Son aquellas que se env\u00edan al dispositivo del usuario desde un equipo o dominio que no es gestionado por nosotros sino por otra entidad, que tratar\u00e1 los datos obtenidos.<\/li>\n<\/ul>\n<p>Cuando navegues por www.gruposcoutphoenix.com se pueden instalar en tu dispositivo las siguientes cookies:<\/p>\n<ul class=\"text-only-content\">\n<li><strong>Cookies de registro<\/strong>: Cuando el usuario entra en nuestra web e inicia sesi\u00f3n se instala una cookie propia y temporal para que pueda navegar por su zona de usuario sin tener que introducir sus datos continuamente. Esta cookie desaparecer\u00e1 cuando cierre sesi\u00f3n.<\/li>\n<li><strong>Cookies de an\u00e1lisis<\/strong>: Sirven para estudiar el comportamiento de los usuarios de forma an\u00f3nima al navegar por nuestra web. As\u00ed podremos conocer los contenidos m\u00e1s vistos, el n\u00famero de visitantes, etc. Una informaci\u00f3n que utilizaremos para mejorar la experiencia de navegaci\u00f3n y optimizar nuestros servicios. Pueden ser propias pero tambi\u00e9n de terceros. Entre \u00e9stas \u00faltimas se encuentran las cookies de Google Analytics y las de Iadvice.<\/li>\n<li><strong>Cookies publicitarias de terceros<\/strong>: El objetivo es optimizar la exposici\u00f3n de anuncios publicitarios. Para gestionar estos servicios utilizamos la plataforma de Doubleclick de Google que almacena informaci\u00f3n sobre los anuncios que han sido mostrados a un usuario, los que le interesan y si visita la web del anunciante.<\/li>\n<\/ul>\n<h2 class=\"titulo-subrayado m-t-3 h3\">Configuraci\u00f3n, consulta y desactivaci\u00f3n de cookies<\/h2>\n<p>Usted puede permitir, bloquear o eliminar las cookies instaladas en su equipo mediante la configuraci\u00f3n de las opciones del navegador instalado en su ordenador:<\/p>\n<ul class=\"text-only-content\">\n<li><strong>Chrome<\/strong>, desde <a class=\"url-break\" href=\"http:\/\/support.google.com\/chrome\/bin\/answer.py?hl=es&amp;answer=95647\" target=\"_blank\" rel=\"noopener noreferrer\">http:\/\/support.google.com\/chrome\/bin\/answer.py?hl=es&amp;answer=95647<\/a><\/li>\n<li><strong>Safari<\/strong>, desde <a class=\"url-break\" href=\"http:\/\/support.apple.com\/kb\/ph5042\" target=\"_blank\" rel=\"noopener noreferrer\">http:\/\/support.apple.com\/kb\/ph5042<\/a><\/li>\n<li><strong>Explorer<\/strong>, desde <a class=\"url-break\" href=\"http:\/\/windows.microsoft.com\/es-es\/windows7\/how-to-manage-cookies-in-internet-explorer-9\" target=\"_blank\" rel=\"noopener noreferrer\">http:\/\/windows.microsoft.com\/es-es\/windows7\/how-to-manage-cookies-in-internet-explorer-9<\/a><\/li>\n<li><strong>Firefox<\/strong>, desde <a class=\"url-break\" href=\"http:\/\/support.mozilla.org\/es\/kb\/habilitar-y-deshabilitar-cookies-que-los-sitios-we\" target=\"_blank\" rel=\"noopener noreferrer\">http:\/\/support.mozilla.org\/es\/kb\/habilitar-y-deshabilitar-cookies-que-los-sitios-we<\/a><\/li>\n<\/ul>\n<p>Todo lo relativo a las cookies de Google, tanto anal\u00edticas como publicitarias, as\u00ed como su administraci\u00f3n y configuraci\u00f3n se puede consultar en:<\/p>\n<ul class=\"text-only-content\">\n<li><a class=\"url-break\" href=\"http:\/\/www.google.es\/intl\/es\/policies\/technologies\/types\/\" target=\"_blank\" rel=\"noopener noreferrer\">http:\/\/www.google.es\/intl\/es\/policies\/technologies\/types\/<\/a><\/li>\n<li><a class=\"url-break\" href=\"http:\/\/www.google.es\/policies\/technologies\/ads\/\" target=\"_blank\" rel=\"noopener noreferrer\">http:\/\/www.google.es\/policies\/technologies\/ads\/<\/a><\/li>\n<li><a class=\"url-break\" href=\"https:\/\/developers.google.com\/analytics\/devguides\/collection\/analyticsjs\/cookie-usage\" target=\"_blank\" rel=\"noopener noreferrer\">https:\/\/developers.google.com\/analytics\/devguides\/collection\/analyticsjs\/cookie-usage<\/a><\/li>\n<\/ul>\n<p>Si decide deshabilitar las Cookies no podremos ofrecerle algunos de nuestros servicios como, por ejemplo, permanecer identificado.<\/p>\n<p>&nbsp;<\/p>\n<h2>Notas adicionales<\/h2>\n<ul>\n<li>Ni esta web ni sus representantes legales se hacen responsables ni del contenido ni de la veracidad de las pol\u00edticas de privacidad que puedan tener los terceros mencionados en esta pol\u00edtica de <em>cookies<\/em>.<\/li>\n<li>Los navegadores web son las herramientas encargadas de almacenar las <em>cookies<\/em> y desde este lugar debe efectuar su derecho a eliminaci\u00f3n o desactivaci\u00f3n de las mismas. Ni esta web ni sus representantes legales pueden garantizar la correcta o incorrecta manipulaci\u00f3n de las <em>cookies<\/em> por parte de los mencionados navegadores.<\/li>\n<li>En algunos casos es necesario instalar <em>cookies<\/em> para que el navegador no olvide su decisi\u00f3n de no aceptaci\u00f3n de las mismas.<\/li>\n<li>En el caso de las <em>cookies<\/em> de Google Analytics, esta empresa almacena las <em>cookies<\/em> en servidores ubicados en Estados Unidos y se compromete a no compartirla con terceros, excepto en los casos en los que sea necesario para el funcionamiento del sistema o cuando la ley obligue a tal efecto. Seg\u00fan Google no guarda su direcci\u00f3n IP. Google Inc. es una compa\u00f1\u00eda adherida al Acuerdo de Puerto Seguro que garantiza que todos los datos transferidos ser\u00e1n tratados con un nivel de protecci\u00f3n acorde a la normativa europea. Puede consultar informaci\u00f3n detallada a este respecto <a href=\"http:\/\/safeharbor.export.gov\/companyinfo.aspx?id=16626\" target=\"_blank\" rel=\"noopener noreferrer\">en este enlace<\/a>. Si desea informaci\u00f3n sobre el uso que Google da a las cookies <a href=\"https:\/\/developers.google.com\/analytics\/devguides\/collection\/analyticsjs\/cookie-usage?hl=es&amp;csw=1\" target=\"_blank\" rel=\"noopener noreferrer\">le adjuntamos este otro enlace<\/a>.<\/li>\n<\/ul>\n<div data-animation=\"no-animation\" data-icons-animation=\"no-animation\" data-overlay=\"\" data-change-size=\"\" data-button-size=\"1\" style=\"font-size:1em!important;display:none;\" class=\"supsystic-social-sharing supsystic-social-sharing-package-flat supsystic-social-sharing-content supsystic-social-sharing-content-align-center\" data-text=\"\"><a data-networks=\"[]\" class=\"social-sharing-button sharer-flat sharer-flat-5 counter-standard without-counter facebook\" target=\"_blank\" title=\"Facebook\" href=\"http:\/\/www.facebook.com\/sharer.php?u=http%3A%2F%2Fwww.gruposcoutphoenix.com%2Fblog%2Fquienes-somos%2Fdisposiciones-legales%2F\" data-main-href=\"http:\/\/www.facebook.com\/sharer.php?u={url}\" data-nid=\"1\" data-name=\"\" data-pid=\"1\" data-post-id=\"777\" data-url=\"http:\/\/www.gruposcoutphoenix.com\/blog\/wp-admin\/admin-ajax.php\" data-description=\"Disposiciones legales\" rel=\"nofollow\" data-mailto=\"\"><i class=\"fa-ssbs fa-ssbs-fw fa-ssbs-facebook\"><\/i><div class=\"counter-wrap standard\"><span class=\"counter\">119<\/span><\/div><\/a><a data-networks=\"[]\" class=\"social-sharing-button sharer-flat sharer-flat-5 counter-standard without-counter twitter\" target=\"_blank\" title=\"Twitter\" href=\"https:\/\/twitter.com\/share?url=http%3A%2F%2Fwww.gruposcoutphoenix.com%2Fblog%2Fquienes-somos%2Fdisposiciones-legales%2F&text=Nuevo+post%3A+Disposiciones+legales\" data-main-href=\"https:\/\/twitter.com\/share?url={url}&text={title}\" data-nid=\"2\" data-name=\"\" data-pid=\"1\" data-post-id=\"777\" data-url=\"http:\/\/www.gruposcoutphoenix.com\/blog\/wp-admin\/admin-ajax.php\" data-description=\"Disposiciones legales\" rel=\"nofollow\" data-mailto=\"\"><i class=\"fa-ssbs fa-ssbs-fw fa-ssbs-twitter\"><\/i><div class=\"counter-wrap standard\"><span class=\"counter\">34<\/span><\/div><\/a><a data-networks=\"[]\" class=\"social-sharing-button sharer-flat sharer-flat-5 counter-standard without-counter whatsapp\" target=\"_blank\" title=\"WhatsApp\" href=\"https:\/\/web.whatsapp.com\/send?text=http%3A%2F%2Fwww.gruposcoutphoenix.com%2Fblog%2Fquienes-somos%2Fdisposiciones-legales%2F\" data-main-href=\"https:\/\/web.whatsapp.com\/send?text={url}\" data-nid=\"18\" data-name=\"\" data-pid=\"1\" data-post-id=\"777\" data-url=\"http:\/\/www.gruposcoutphoenix.com\/blog\/wp-admin\/admin-ajax.php\" data-description=\"Disposiciones legales\" rel=\"nofollow\" data-mailto=\"\"><i class=\"fa-ssbs fa-ssbs-fw fa-ssbs-whatsapp\"><\/i><div class=\"counter-wrap standard\"><span class=\"counter\">113<\/span><\/div><\/a><\/div>","protected":false},"excerpt":{"rendered":"<p>\u00bfQu\u00e9 es una cookie? Una cookie es un fichero que se descarga en su ordenador al acceder a determinadas p\u00e1ginas web. Las cookies permiten a una p\u00e1gina web, entre otras cosas, almacenar y recuperar informaci\u00f3n sobre los h\u00e1bitos de navegaci\u00f3n de un usuario o de su equipo y, dependiendo de la informaci\u00f3n que contengan y [&hellip;]<\/p>\n<div data-animation=\"no-animation\" data-icons-animation=\"no-animation\" data-overlay=\"\" data-change-size=\"\" data-button-size=\"1\" style=\"font-size:1em!important;display:none;\" class=\"supsystic-social-sharing supsystic-social-sharing-package-flat supsystic-social-sharing-content supsystic-social-sharing-content-align-center\" data-text=\"\"><a data-networks=\"[]\" class=\"social-sharing-button sharer-flat sharer-flat-5 counter-standard without-counter facebook\" target=\"_blank\" title=\"Facebook\" href=\"http:\/\/www.facebook.com\/sharer.php?u=http%3A%2F%2Fwww.gruposcoutphoenix.com%2Fblog%2Fquienes-somos%2Fdisposiciones-legales%2F\" data-main-href=\"http:\/\/www.facebook.com\/sharer.php?u={url}\" data-nid=\"1\" data-name=\"\" data-pid=\"1\" data-post-id=\"777\" data-url=\"http:\/\/www.gruposcoutphoenix.com\/blog\/wp-admin\/admin-ajax.php\" data-description=\"Disposiciones legales\" rel=\"nofollow\" data-mailto=\"\"><i class=\"fa-ssbs fa-ssbs-fw fa-ssbs-facebook\"><\/i><div class=\"counter-wrap standard\"><span class=\"counter\">119<\/span><\/div><\/a><a data-networks=\"[]\" class=\"social-sharing-button sharer-flat sharer-flat-5 counter-standard without-counter twitter\" target=\"_blank\" title=\"Twitter\" href=\"https:\/\/twitter.com\/share?url=http%3A%2F%2Fwww.gruposcoutphoenix.com%2Fblog%2Fquienes-somos%2Fdisposiciones-legales%2F&text=Nuevo+post%3A+Disposiciones+legales\" data-main-href=\"https:\/\/twitter.com\/share?url={url}&text={title}\" data-nid=\"2\" data-name=\"\" data-pid=\"1\" data-post-id=\"777\" data-url=\"http:\/\/www.gruposcoutphoenix.com\/blog\/wp-admin\/admin-ajax.php\" data-description=\"Disposiciones legales\" rel=\"nofollow\" data-mailto=\"\"><i class=\"fa-ssbs fa-ssbs-fw fa-ssbs-twitter\"><\/i><div class=\"counter-wrap standard\"><span class=\"counter\">34<\/span><\/div><\/a><a data-networks=\"[]\" class=\"social-sharing-button sharer-flat sharer-flat-5 counter-standard without-counter whatsapp\" target=\"_blank\" title=\"WhatsApp\" href=\"https:\/\/web.whatsapp.com\/send?text=http%3A%2F%2Fwww.gruposcoutphoenix.com%2Fblog%2Fquienes-somos%2Fdisposiciones-legales%2F\" data-main-href=\"https:\/\/web.whatsapp.com\/send?text={url}\" data-nid=\"18\" data-name=\"\" data-pid=\"1\" data-post-id=\"777\" data-url=\"http:\/\/www.gruposcoutphoenix.com\/blog\/wp-admin\/admin-ajax.php\" data-description=\"Disposiciones legales\" rel=\"nofollow\" data-mailto=\"\"><i class=\"fa-ssbs fa-ssbs-fw fa-ssbs-whatsapp\"><\/i><div class=\"counter-wrap standard\"><span class=\"counter\">113<\/span><\/div><\/a><\/div>","protected":false},"author":58,"featured_media":0,"parent":778,"menu_order":2,"comment_status":"closed","ping_status":"closed","template":"","meta":[],"_links":{"self":[{"href":"http:\/\/www.gruposcoutphoenix.com\/blog\/wp-json\/wp\/v2\/pages\/777"}],"collection":[{"href":"http:\/\/www.gruposcoutphoenix.com\/blog\/wp-json\/wp\/v2\/pages"}],"about":[{"href":"http:\/\/www.gruposcoutphoenix.com\/blog\/wp-json\/wp\/v2\/types\/page"}],"author":[{"embeddable":true,"href":"http:\/\/www.gruposcoutphoenix.com\/blog\/wp-json\/wp\/v2\/users\/58"}],"replies":[{"embeddable":true,"href":"http:\/\/www.gruposcoutphoenix.com\/blog\/wp-json\/wp\/v2\/comments?post=777"}],"version-history":[{"count":4,"href":"http:\/\/www.gruposcoutphoenix.com\/blog\/wp-json\/wp\/v2\/pages\/777\/revisions"}],"predecessor-version":[{"id":1571,"href":"http:\/\/www.gruposcoutphoenix.com\/blog\/wp-json\/wp\/v2\/pages\/777\/revisions\/1571"}],"up":[{"embeddable":true,"href":"http:\/\/www.gruposcoutphoenix.com\/blog\/wp-json\/wp\/v2\/pages\/778"}],"wp:attachment":[{"href":"http:\/\/www.gruposcoutphoenix.com\/blog\/wp-json\/wp\/v2\/media?parent=777"}],"curies":[{"name":"wp","href":"https:\/\/api.w.org\/{rel}","templated":true}]}}