{"id":751,"date":"2017-04-24T14:26:20","date_gmt":"2017-04-24T13:26:20","guid":{"rendered":"http:\/\/www.gruposcoutphoenix.com\/blog\/?page_id=751"},"modified":"2018-05-15T11:08:54","modified_gmt":"2018-05-15T10:08:54","slug":"albergues","status":"publish","type":"page","link":"http:\/\/www.gruposcoutphoenix.com\/blog\/albergues\/","title":{"rendered":"Albergues"},"content":{"rendered":"<p>Estos son los albergues que conocemos, esperamos que te sea \u00fatil (todos los precios son por persona).<\/p>\n<p><strong>Comunidad de Madrid:<\/strong><\/p>\n<ol>\n<li><strong>Albergue Sierra Norte Manjir\u00f3n<\/strong><br \/>\nAvenida del villar, 48, Manjir\u00f3n<br \/>\n138 plazas en albergue con calefacci\u00f3n y 126 plazas en caba\u00f1as sin calefacci\u00f3n, zona de acampada.<br \/>\nDos salas peque\u00f1as, dos comedores interiores de 42 y 120 plazas, y un comedor exterior cubierto de 300 plazas, todos pueden usarse como sala fuera del horario de comidas<br \/>\nPrecios (merienda 1,5 m\u00e1s) IVA incluido: <div class='avia-image-container  av-styling-    avia-align-center '  itemprop=\"ImageObject\" itemscope=\"itemscope\" itemtype=\"https:\/\/schema.org\/ImageObject\"  ><div class='avia-image-container-inner'><div class='avia-image-overlay-wrap'><img class='avia_image ' src='http:\/\/www.gruposcoutphoenix.com\/blog\/wp-content\/uploads\/2017\/04\/nn-300x53.jpg' alt='' title=''   itemprop=\"thumbnailUrl\"  \/><\/div><\/div><\/div><br \/>\nContacto:\u00a0<a href=\"http:\/\/alberguesierranorte.es\/\">alberguesierranorte.es<\/a>\u00a0&#8211;\u00a0<a href=\"mailto:INFO@ALBERGUESIERRANORTE.ES\">info@alberguesierranorte.es<\/a> &#8211; 91 737 65 27<\/li>\n<li><strong>Casa de convivencias<\/strong><strong> Divina Pastora<br \/>\n<\/strong>Avenida del Valle Guadarrama, 4, Guadarrama<br \/>\n190 plazas<br \/>\nTres salas (90, 45 y 45 personas)<br \/>\nComedor para 140 personas, puede usarse como sala fuera del horario de comidas.<br \/>\nEn reservas para grupos el albergue es exclusivo para el grupo.<br \/>\nPrecios:\u00a0<strong>15\u20ac <\/strong>s\u00f3lo alojamiento (posibilidad de usar la cocina dando una fianza de 400\u20ac),\u00a0<strong>16,50\u20ac\u00a0<\/strong>alojamiento y desayuno\u00a0o <strong>21\u20ac <\/strong>pensi\u00f3n completa (con merienda), IVA incluido.<br \/>\nContacto: <a href=\"http:\/\/www.convivencias.net\">convivencias.net<\/a>\u00a0&#8211;\u00a0<a href=\"mailto:administracion@convivencias.net\">administracion@convivencias.net<\/a> \u2013 600 405 324<\/li>\n<li><strong>Albergue la casona del valle<\/strong><br \/>\nPasaje del Ca\u00f1uelo, s\/n, 28743 Garganta de los Montes<br \/>\n150 plazas<br \/>\nUna sala para 60 personas.<br \/>\nComedor para 150 personas, puede usarse como sala fuera del horario de comidas.<br \/>\nPrecios:\u00a0<b>14,30\u20ac\/<\/b>persona s\u00f3lo alojamiento,<b> 16,50\u20ac<\/b>\/persona con desayuno y\u00a0<strong>23,10\u20ac<\/strong>\/persona pensi\u00f3n completa, IVA incluido.<br \/>\nContacto:\u00a0<a href=\"http:\/\/www.lacasonadelvalle.net\/index.html\">lacasonadelvalle.net<\/a>\u00a0&#8211; <a href=\"mailto:info@lacasonadelvalle.net\">info@lacasonadelvalle.net<\/a> &#8211;\u00a0607 56 29 29\/630 07 35 57\/651 92 95 16\/91 332 40 09<\/li>\n<li><strong>Albergue Los Batanes<br \/>\n<\/strong>Carretera de Cotos, s\/n, (comarcal 604, km. 27,600) Finca \u201cLos Batanes\u201d (frente al Monasterio de El Paular) 28740 Rascafr\u00eda<br \/>\n120 plazas<br \/>\n3 salas de reuniones con una capacidad desde de 25 a 70 plazas, un sal\u00f3n de actos para 100 personas, 2 salas abuhardilladas para manualidades (12 plazas aprox). <strong>Hay que pagar para usar las salas.<br \/>\n<\/strong>Dos comedores (60 y 70 plazas)<br \/>\nPrecios: <div class='avia-image-container  av-styling-    avia-align-center '  itemprop=\"ImageObject\" itemscope=\"itemscope\" itemtype=\"https:\/\/schema.org\/ImageObject\"  ><div class='avia-image-container-inner'><div class='avia-image-overlay-wrap'><img class='avia_image ' src='http:\/\/www.gruposcoutphoenix.com\/blog\/wp-content\/uploads\/2017\/04\/mm-300x160.jpg' alt='' title=''   itemprop=\"thumbnailUrl\"  \/><\/div><\/div><\/div>El desayuno siempre est\u00e1 incluido, no puede llevarse comida del exterior.<br \/>\nContacto: <a href=\"https:\/\/goo.gl\/wqqQU4\">goo.gl\/wqqQU4<\/a> &#8211; <a href=\"mailto:losbatanes@madrid.org\">losbatanes@madrid.org<\/a>\u00a0&#8211;\u00a091 869 15 11<strong> &#8211; Reservas <\/strong>a trav\u00e9s de\u00a0<a href=\"mailto:central.reservas@madrid.org\">central.reservas@madrid.org<br \/>\n<\/a><\/li>\n<li><strong>Albergue San Mam\u00e9s<br \/>\n<\/strong>Carretera de Pinilla de Buitrago a San Mam\u00e9s, s\/n 28739, San Mam\u00e9s<br \/>\n200 plazas<br \/>\nCuatro salas \u00a0en el albergue y espacio multiusos en un edificio independiente.<br \/>\nComedor para 100 personas.<br \/>\nContacto:\u00a0<a href=\"http:\/\/www.ideotur.es\/\">ideotur.es<\/a>\u00a0&#8211;\u00a0<a href=\"mailto:ideotur@ideotur.com\">ideotur@ideotur.com<\/a> &#8211;\u00a091 431 16 35<\/li>\n<li><strong>Albergue Divergreen<br \/>\n<\/strong>M-523, km 4.900 Sevilla La Nueva<br \/>\n120 plazas<br \/>\n5 salas polivalentes, granja escuela, 3 hect\u00e1reas de terreno.<br \/>\nExclusividad para m\u00e1s de 50 personas.<br \/>\nPrecios (&gt;50 pax): <strong>12\u20ac<\/strong> s\u00f3lo alojamiento y <strong>14,50\u20ac<\/strong> alojamiento y desayuno, IVA incluido.<br \/>\nContacto:\u00a0<a href=\"http:\/\/www.divergreen.org\">divergreen.org<\/a>\u00a0&#8211;\u00a0<a href=\"mailto:divergreen@divergreen.org\">divergreen@divergreen.org<\/a>\u00a0&#8211; 647081620<\/li>\n<li><strong><strong>Albergue Valle de los Abedules<br \/>\n<\/strong><\/strong><\/p>\n<div>Carretera de Miraflores de la Sierra a Bustarviejo M-610, Km. 15 28720 Bustarvie, 28720<br \/>\n2 salas de 100m2, 6 caba\u00f1as de madera de distintas dimensiones (para usar como salas o dormitorios) y un comedor para 108 personas.<br \/>\nSe pueden realizar las siguientes actividades: Circuito aventura, tirolina, roc\u00f3dromo, tiro con arco y senderismo con orientaci\u00f3n.<\/div>\n<div>Precios:\u00a0<strong>15\u20ac\u00a0<\/strong>solo alojamiento,\u00a0<strong>16\u20ac\u00a0<\/strong>alojamiento y desayuno,\u00a0<strong>21\u20ac\u00a0<\/strong>media pensi\u00f3n, y\u00a0<strong>26\u20ac\u00a0<\/strong>pensi\u00f3n completa.<\/div>\n<div>Contacto:\u00a0<a href=\"http:\/\/www.albergue-valle.com\">http:\/\/www.albergue-valle.com<\/a><\/div>\n<\/li>\n<li><strong><strong>Albergue Calumnet<br \/>\n<\/strong><\/strong>Calle Balc\u00f3n, 1, 28194 Berzosa del Lozoya, Madrid.<br \/>\n56 plazas, se alquila la totalidad del albergue, con opci\u00f3n a uso de cocina o la posibilidad de contratar un catering.<br \/>\n1 Comedor\/sala de usos m\u00faltiples, biblioteca, salas para actividades y almac\u00e9n de material<br \/>\nPrecios:\u00a0<strong>15\u20ac\u00a0<\/strong>por persona.<br \/>\nContacto: <a href=\"http:\/\/www.calumet.es\/index.html\">http:\/\/www.calumet.es\/index.html<\/a><\/li>\n<li><strong>Albergue Fuentenueva<br \/>\n<\/strong>Carretera de Guadarrama Km 5,200, Urbanizaci\u00f3n Felipe II, C\/ Francisco de Goya, s\/n, 28200 San Lorenzo de El Escorial<strong><br \/>\n<\/strong>52 plazas<br \/>\nSala de audiovisuales, sala polivalente, sala-invernadero<br \/>\nContacto: <a href=\"mailto:alberguefuentenueva@hotmail.com\">alberguefuentenueva@hotmail.com<\/a> &#8211;\u00a0<a href=\"http:\/\/www.alberguefuentenueva.net\/\">http:\/\/www.alberguefuentenueva.net\/<\/a> &#8211;\u00a091 896 18 61 \/ 637 445 743<\/li>\n<\/ol>\n<p><strong>Segovia:<\/strong><\/p>\n<ol>\n<li><strong>Albergue Las Albricias<br \/>\n<\/strong>Carretera de la Garganta, 8, El Espinar.<br \/>\n30 plazas<br \/>\nSala de reuniones.<br \/>\nPrecios: <strong>8\u20ac<\/strong> s\u00f3lo alojamiento y\u00a0<strong>12\u20ac<\/strong> alojamiento y desayuno.<br \/>\nContacto:\u00a0<a href=\"http:\/\/edetil.org\/albergue-la-estacion-del-espinar\/\">edetil.org\/albergue-la-estacion-del-espinar<\/a>\u00a0&#8211;\u00a0<a href=\"mailto:edetilsegovia@gmail.com\">edetilsegovia@gmail.com<\/a> &#8211;\u00a0921461177 \/ 650414740<\/li>\n<li><strong>Albergue Juvenil San Rafael<br \/>\n<\/strong>Calle San Juan, 10, El Espinar.<br \/>\n70 plazas<br \/>\nSalas (de alquiler)<br \/>\nPrecios para menores de 30 a\u00f1os (normal\/grupo): <strong>10,30\/9,80<\/strong> alojamiento y desayuno y <strong>18,30\/17,50<\/strong> pensi\u00f3n completa. Suplemento de 1,50\/persona si la salida es despu\u00e9s de las 13:30.<br \/>\nContacto:\u00a0<a href=\"http:\/\/campamentosyalbergues.com\/albergue-juvenil-san-rafael-el-espinar-segovia\/\">web<\/a>\u00a0&#8211;\u00a0<a href=\"mailto:alberguecampa@arcinature.com\">alberguecampa@arcinature.com<\/a>\u00a0&#8211; 675604197<\/li>\n<li><strong><strong>Albergue El Recreo<br \/>\n<\/strong><\/strong>Calle Pinar, 1, 40410 San Rafael, Segovia<br \/>\n74 plazas. 1 Comedor, Parking, Cafeter\u00eda, Sala de usos multiples, Salas de Estar, Sala TV, Pistas polideportivas.<br \/>\nPrecios:\u00a0<strong>Entre 16\u20ac y 25\u20ac<\/strong>.<br \/>\nContacto:\u00a0<a href=\"mailto:albergueelrecreo@yahoo.es\">albergueelrecreo@yahoo.es <\/a>&#8211;\u00a0646 482 167 \/ 92 117 19 00<\/li>\n<\/ol>\n<div data-animation=\"no-animation\" data-icons-animation=\"no-animation\" data-overlay=\"\" data-change-size=\"\" data-button-size=\"1\" style=\"font-size:1em!important;display:none;\" class=\"supsystic-social-sharing supsystic-social-sharing-package-flat supsystic-social-sharing-content supsystic-social-sharing-content-align-center\" data-text=\"\"><a data-networks=\"[]\" class=\"social-sharing-button sharer-flat sharer-flat-5 counter-standard without-counter facebook\" target=\"_blank\" title=\"Facebook\" href=\"http:\/\/www.facebook.com\/sharer.php?u=http%3A%2F%2Fwww.gruposcoutphoenix.com%2Fblog%2Falbergues%2F\" data-main-href=\"http:\/\/www.facebook.com\/sharer.php?u={url}\" data-nid=\"1\" data-name=\"\" data-pid=\"1\" data-post-id=\"751\" data-url=\"http:\/\/www.gruposcoutphoenix.com\/blog\/wp-admin\/admin-ajax.php\" data-description=\"Albergues\" rel=\"nofollow\" data-mailto=\"\"><i class=\"fa-ssbs fa-ssbs-fw fa-ssbs-facebook\"><\/i><div class=\"counter-wrap standard\"><span class=\"counter\">119<\/span><\/div><\/a><a data-networks=\"[]\" class=\"social-sharing-button sharer-flat sharer-flat-5 counter-standard without-counter twitter\" target=\"_blank\" title=\"Twitter\" href=\"https:\/\/twitter.com\/share?url=http%3A%2F%2Fwww.gruposcoutphoenix.com%2Fblog%2Falbergues%2F&text=Nuevo+post%3A+Albergues\" data-main-href=\"https:\/\/twitter.com\/share?url={url}&text={title}\" data-nid=\"2\" data-name=\"\" data-pid=\"1\" data-post-id=\"751\" data-url=\"http:\/\/www.gruposcoutphoenix.com\/blog\/wp-admin\/admin-ajax.php\" data-description=\"Albergues\" rel=\"nofollow\" data-mailto=\"\"><i class=\"fa-ssbs fa-ssbs-fw fa-ssbs-twitter\"><\/i><div class=\"counter-wrap standard\"><span class=\"counter\">34<\/span><\/div><\/a><a data-networks=\"[]\" class=\"social-sharing-button sharer-flat sharer-flat-5 counter-standard without-counter whatsapp\" target=\"_blank\" title=\"WhatsApp\" href=\"https:\/\/web.whatsapp.com\/send?text=http%3A%2F%2Fwww.gruposcoutphoenix.com%2Fblog%2Falbergues%2F\" data-main-href=\"https:\/\/web.whatsapp.com\/send?text={url}\" data-nid=\"18\" data-name=\"\" data-pid=\"1\" data-post-id=\"751\" data-url=\"http:\/\/www.gruposcoutphoenix.com\/blog\/wp-admin\/admin-ajax.php\" data-description=\"Albergues\" rel=\"nofollow\" data-mailto=\"\"><i class=\"fa-ssbs fa-ssbs-fw fa-ssbs-whatsapp\"><\/i><div class=\"counter-wrap standard\"><span class=\"counter\">113<\/span><\/div><\/a><\/div>","protected":false},"excerpt":{"rendered":"<p>Estos son los albergues que conocemos, esperamos que te sea \u00fatil (todos los precios son por persona). Comunidad de Madrid: Albergue Sierra Norte Manjir\u00f3n Avenida del villar, 48, Manjir\u00f3n 138 plazas en albergue con calefacci\u00f3n y 126 plazas en caba\u00f1as sin calefacci\u00f3n, zona de acampada. Dos salas peque\u00f1as, dos comedores interiores de 42 y 120 [&hellip;]<\/p>\n<div data-animation=\"no-animation\" data-icons-animation=\"no-animation\" data-overlay=\"\" data-change-size=\"\" data-button-size=\"1\" style=\"font-size:1em!important;display:none;\" class=\"supsystic-social-sharing supsystic-social-sharing-package-flat supsystic-social-sharing-content supsystic-social-sharing-content-align-center\" data-text=\"\"><a data-networks=\"[]\" class=\"social-sharing-button sharer-flat sharer-flat-5 counter-standard without-counter facebook\" target=\"_blank\" title=\"Facebook\" href=\"http:\/\/www.facebook.com\/sharer.php?u=http%3A%2F%2Fwww.gruposcoutphoenix.com%2Fblog%2Falbergues%2F\" data-main-href=\"http:\/\/www.facebook.com\/sharer.php?u={url}\" data-nid=\"1\" data-name=\"\" data-pid=\"1\" data-post-id=\"751\" data-url=\"http:\/\/www.gruposcoutphoenix.com\/blog\/wp-admin\/admin-ajax.php\" data-description=\"Albergues\" rel=\"nofollow\" data-mailto=\"\"><i class=\"fa-ssbs fa-ssbs-fw fa-ssbs-facebook\"><\/i><div class=\"counter-wrap standard\"><span class=\"counter\">119<\/span><\/div><\/a><a data-networks=\"[]\" class=\"social-sharing-button sharer-flat sharer-flat-5 counter-standard without-counter twitter\" target=\"_blank\" title=\"Twitter\" href=\"https:\/\/twitter.com\/share?url=http%3A%2F%2Fwww.gruposcoutphoenix.com%2Fblog%2Falbergues%2F&text=Nuevo+post%3A+Albergues\" data-main-href=\"https:\/\/twitter.com\/share?url={url}&text={title}\" data-nid=\"2\" data-name=\"\" data-pid=\"1\" data-post-id=\"751\" data-url=\"http:\/\/www.gruposcoutphoenix.com\/blog\/wp-admin\/admin-ajax.php\" data-description=\"Albergues\" rel=\"nofollow\" data-mailto=\"\"><i class=\"fa-ssbs fa-ssbs-fw fa-ssbs-twitter\"><\/i><div class=\"counter-wrap standard\"><span class=\"counter\">34<\/span><\/div><\/a><a data-networks=\"[]\" class=\"social-sharing-button sharer-flat sharer-flat-5 counter-standard without-counter whatsapp\" target=\"_blank\" title=\"WhatsApp\" href=\"https:\/\/web.whatsapp.com\/send?text=http%3A%2F%2Fwww.gruposcoutphoenix.com%2Fblog%2Falbergues%2F\" data-main-href=\"https:\/\/web.whatsapp.com\/send?text={url}\" data-nid=\"18\" data-name=\"\" data-pid=\"1\" data-post-id=\"751\" data-url=\"http:\/\/www.gruposcoutphoenix.com\/blog\/wp-admin\/admin-ajax.php\" data-description=\"Albergues\" rel=\"nofollow\" data-mailto=\"\"><i class=\"fa-ssbs fa-ssbs-fw fa-ssbs-whatsapp\"><\/i><div class=\"counter-wrap standard\"><span class=\"counter\">113<\/span><\/div><\/a><\/div>","protected":false},"author":11,"featured_media":0,"parent":0,"menu_order":6,"comment_status":"closed","ping_status":"closed","template":"","meta":[],"_links":{"self":[{"href":"http:\/\/www.gruposcoutphoenix.com\/blog\/wp-json\/wp\/v2\/pages\/751"}],"collection":[{"href":"http:\/\/www.gruposcoutphoenix.com\/blog\/wp-json\/wp\/v2\/pages"}],"about":[{"href":"http:\/\/www.gruposcoutphoenix.com\/blog\/wp-json\/wp\/v2\/types\/page"}],"author":[{"embeddable":true,"href":"http:\/\/www.gruposcoutphoenix.com\/blog\/wp-json\/wp\/v2\/users\/11"}],"replies":[{"embeddable":true,"href":"http:\/\/www.gruposcoutphoenix.com\/blog\/wp-json\/wp\/v2\/comments?post=751"}],"version-history":[{"count":20,"href":"http:\/\/www.gruposcoutphoenix.com\/blog\/wp-json\/wp\/v2\/pages\/751\/revisions"}],"predecessor-version":[{"id":1577,"href":"http:\/\/www.gruposcoutphoenix.com\/blog\/wp-json\/wp\/v2\/pages\/751\/revisions\/1577"}],"wp:attachment":[{"href":"http:\/\/www.gruposcoutphoenix.com\/blog\/wp-json\/wp\/v2\/media?parent=751"}],"curies":[{"name":"wp","href":"https:\/\/api.w.org\/{rel}","templated":true}]}}