{"id":725,"date":"2017-04-20T00:29:50","date_gmt":"2017-04-19T23:29:50","guid":{"rendered":"http:\/\/www.gruposcoutphoenix.com\/blog\/?page_id=725"},"modified":"2017-04-27T14:56:57","modified_gmt":"2017-04-27T13:56:57","slug":"que-es-el-escultismo","status":"publish","type":"page","link":"http:\/\/www.gruposcoutphoenix.com\/blog\/quienes-somos\/que-es-el-escultismo\/","title":{"rendered":"\u00bfQu\u00e9 es el escultismo?"},"content":{"rendered":"<p>La misi\u00f3n del <strong>Escultismo<\/strong> es contribuir a la educaci\u00f3n y al desarrollo de las personas, principalmente durante la infancia, adolescencia y juventud, a trav\u00e9s de un sistema de valores basado en la Promesa y la Ley Scout, para ayudar a crear un mundo mejor donde las personas puedan desarrollarse como individuos aut\u00f3nomos y jugar un papel constructivo y activo en la sociedad.<\/p>\n<p>Para alcanzar esta misi\u00f3n consideramos fundamental:<\/p>\n<ul>\n<li>Educar en la libertad, la justicia, la autonom\u00eda, la solidaridad y la responsabilidad personal y comunitaria, en el marco de la convivencia, el respeto y el servicio.<\/li>\n<li>Ayudarles a establecer un sistema de valores basado en principios espirituales, sociales y personales, inherentes a la persona, que ayuden a superar el individualismo y el materialismo, y favorezca la formaci\u00f3n de su personalidad.<\/li>\n<li>Despertar el esp\u00edritu cr\u00edtico, transformador y participativo, respetando la libertad personal y promoviendo h\u00e1bitos de vida saludable, que permitan analizar las ideolog\u00edas y opciones que la sociedad presenta para posteriormente elegir una opci\u00f3n de vida.<\/li>\n<li>Impulsar la comprensi\u00f3n y el desarrollo en nuestra sociedad, promoviendo el cuidado y defensa del Medio Ambiente y estimulando acciones de cooperaci\u00f3n, servicio y voluntariado hacia los dem\u00e1s.<\/li>\n<\/ul>\n<div data-animation=\"no-animation\" data-icons-animation=\"no-animation\" data-overlay=\"\" data-change-size=\"\" data-button-size=\"1\" style=\"font-size:1em!important;display:none;\" class=\"supsystic-social-sharing supsystic-social-sharing-package-flat supsystic-social-sharing-content supsystic-social-sharing-content-align-center\" data-text=\"\"><a data-networks=\"[]\" class=\"social-sharing-button sharer-flat sharer-flat-5 counter-standard without-counter facebook\" target=\"_blank\" title=\"Facebook\" href=\"http:\/\/www.facebook.com\/sharer.php?u=http%3A%2F%2Fwww.gruposcoutphoenix.com%2Fblog%2Fquienes-somos%2Fque-es-el-escultismo%2F\" data-main-href=\"http:\/\/www.facebook.com\/sharer.php?u={url}\" data-nid=\"1\" data-name=\"\" data-pid=\"1\" data-post-id=\"725\" data-url=\"http:\/\/www.gruposcoutphoenix.com\/blog\/wp-admin\/admin-ajax.php\" data-description=\"\u00bfQu\u00e9 es el escultismo?\" rel=\"nofollow\" data-mailto=\"\"><i class=\"fa-ssbs fa-ssbs-fw fa-ssbs-facebook\"><\/i><div class=\"counter-wrap standard\"><span class=\"counter\">119<\/span><\/div><\/a><a data-networks=\"[]\" class=\"social-sharing-button sharer-flat sharer-flat-5 counter-standard without-counter twitter\" target=\"_blank\" title=\"Twitter\" href=\"https:\/\/twitter.com\/share?url=http%3A%2F%2Fwww.gruposcoutphoenix.com%2Fblog%2Fquienes-somos%2Fque-es-el-escultismo%2F&text=Nuevo+post%3A+%C2%BFQu%C3%A9+es+el+escultismo%3F\" data-main-href=\"https:\/\/twitter.com\/share?url={url}&text={title}\" data-nid=\"2\" data-name=\"\" data-pid=\"1\" data-post-id=\"725\" data-url=\"http:\/\/www.gruposcoutphoenix.com\/blog\/wp-admin\/admin-ajax.php\" data-description=\"\u00bfQu\u00e9 es el escultismo?\" rel=\"nofollow\" data-mailto=\"\"><i class=\"fa-ssbs fa-ssbs-fw fa-ssbs-twitter\"><\/i><div class=\"counter-wrap standard\"><span class=\"counter\">34<\/span><\/div><\/a><a data-networks=\"[]\" class=\"social-sharing-button sharer-flat sharer-flat-5 counter-standard without-counter whatsapp\" target=\"_blank\" title=\"WhatsApp\" href=\"https:\/\/web.whatsapp.com\/send?text=http%3A%2F%2Fwww.gruposcoutphoenix.com%2Fblog%2Fquienes-somos%2Fque-es-el-escultismo%2F\" data-main-href=\"https:\/\/web.whatsapp.com\/send?text={url}\" data-nid=\"18\" data-name=\"\" data-pid=\"1\" data-post-id=\"725\" data-url=\"http:\/\/www.gruposcoutphoenix.com\/blog\/wp-admin\/admin-ajax.php\" data-description=\"\u00bfQu\u00e9 es el escultismo?\" rel=\"nofollow\" data-mailto=\"\"><i class=\"fa-ssbs fa-ssbs-fw fa-ssbs-whatsapp\"><\/i><div class=\"counter-wrap standard\"><span class=\"counter\">113<\/span><\/div><\/a><\/div>","protected":false},"excerpt":{"rendered":"<p>La misi\u00f3n del Escultismo es contribuir a la educaci\u00f3n y al desarrollo de las personas, principalmente durante la infancia, adolescencia y juventud, a trav\u00e9s de un sistema de valores basado en la Promesa y la Ley Scout, para ayudar a crear un mundo mejor donde las personas puedan desarrollarse como individuos aut\u00f3nomos y jugar un [&hellip;]<\/p>\n<div data-animation=\"no-animation\" data-icons-animation=\"no-animation\" data-overlay=\"\" data-change-size=\"\" data-button-size=\"1\" style=\"font-size:1em!important;display:none;\" class=\"supsystic-social-sharing supsystic-social-sharing-package-flat supsystic-social-sharing-content supsystic-social-sharing-content-align-center\" data-text=\"\"><a data-networks=\"[]\" class=\"social-sharing-button sharer-flat sharer-flat-5 counter-standard without-counter facebook\" target=\"_blank\" title=\"Facebook\" href=\"http:\/\/www.facebook.com\/sharer.php?u=http%3A%2F%2Fwww.gruposcoutphoenix.com%2Fblog%2Fquienes-somos%2Fque-es-el-escultismo%2F\" data-main-href=\"http:\/\/www.facebook.com\/sharer.php?u={url}\" data-nid=\"1\" data-name=\"\" data-pid=\"1\" data-post-id=\"725\" data-url=\"http:\/\/www.gruposcoutphoenix.com\/blog\/wp-admin\/admin-ajax.php\" data-description=\"\u00bfQu\u00e9 es el escultismo?\" rel=\"nofollow\" data-mailto=\"\"><i class=\"fa-ssbs fa-ssbs-fw fa-ssbs-facebook\"><\/i><div class=\"counter-wrap standard\"><span class=\"counter\">119<\/span><\/div><\/a><a data-networks=\"[]\" class=\"social-sharing-button sharer-flat sharer-flat-5 counter-standard without-counter twitter\" target=\"_blank\" title=\"Twitter\" href=\"https:\/\/twitter.com\/share?url=http%3A%2F%2Fwww.gruposcoutphoenix.com%2Fblog%2Fquienes-somos%2Fque-es-el-escultismo%2F&text=Nuevo+post%3A+%C2%BFQu%C3%A9+es+el+escultismo%3F\" data-main-href=\"https:\/\/twitter.com\/share?url={url}&text={title}\" data-nid=\"2\" data-name=\"\" data-pid=\"1\" data-post-id=\"725\" data-url=\"http:\/\/www.gruposcoutphoenix.com\/blog\/wp-admin\/admin-ajax.php\" data-description=\"\u00bfQu\u00e9 es el escultismo?\" rel=\"nofollow\" data-mailto=\"\"><i class=\"fa-ssbs fa-ssbs-fw fa-ssbs-twitter\"><\/i><div class=\"counter-wrap standard\"><span class=\"counter\">34<\/span><\/div><\/a><a data-networks=\"[]\" class=\"social-sharing-button sharer-flat sharer-flat-5 counter-standard without-counter whatsapp\" target=\"_blank\" title=\"WhatsApp\" href=\"https:\/\/web.whatsapp.com\/send?text=http%3A%2F%2Fwww.gruposcoutphoenix.com%2Fblog%2Fquienes-somos%2Fque-es-el-escultismo%2F\" data-main-href=\"https:\/\/web.whatsapp.com\/send?text={url}\" data-nid=\"18\" data-name=\"\" data-pid=\"1\" data-post-id=\"725\" data-url=\"http:\/\/www.gruposcoutphoenix.com\/blog\/wp-admin\/admin-ajax.php\" data-description=\"\u00bfQu\u00e9 es el escultismo?\" rel=\"nofollow\" data-mailto=\"\"><i class=\"fa-ssbs fa-ssbs-fw fa-ssbs-whatsapp\"><\/i><div class=\"counter-wrap standard\"><span class=\"counter\">113<\/span><\/div><\/a><\/div>","protected":false},"author":58,"featured_media":0,"parent":778,"menu_order":1,"comment_status":"closed","ping_status":"closed","template":"","meta":[],"_links":{"self":[{"href":"http:\/\/www.gruposcoutphoenix.com\/blog\/wp-json\/wp\/v2\/pages\/725"}],"collection":[{"href":"http:\/\/www.gruposcoutphoenix.com\/blog\/wp-json\/wp\/v2\/pages"}],"about":[{"href":"http:\/\/www.gruposcoutphoenix.com\/blog\/wp-json\/wp\/v2\/types\/page"}],"author":[{"embeddable":true,"href":"http:\/\/www.gruposcoutphoenix.com\/blog\/wp-json\/wp\/v2\/users\/58"}],"replies":[{"embeddable":true,"href":"http:\/\/www.gruposcoutphoenix.com\/blog\/wp-json\/wp\/v2\/comments?post=725"}],"version-history":[{"count":1,"href":"http:\/\/www.gruposcoutphoenix.com\/blog\/wp-json\/wp\/v2\/pages\/725\/revisions"}],"predecessor-version":[{"id":726,"href":"http:\/\/www.gruposcoutphoenix.com\/blog\/wp-json\/wp\/v2\/pages\/725\/revisions\/726"}],"up":[{"embeddable":true,"href":"http:\/\/www.gruposcoutphoenix.com\/blog\/wp-json\/wp\/v2\/pages\/778"}],"wp:attachment":[{"href":"http:\/\/www.gruposcoutphoenix.com\/blog\/wp-json\/wp\/v2\/media?parent=725"}],"curies":[{"name":"wp","href":"https:\/\/api.w.org\/{rel}","templated":true}]}}