{"id":709,"date":"2017-04-19T23:58:59","date_gmt":"2017-04-19T22:58:59","guid":{"rendered":"http:\/\/www.gruposcoutphoenix.com\/blog\/?page_id=709"},"modified":"2020-10-26T13:53:32","modified_gmt":"2020-10-26T12:53:32","slug":"documentacion","status":"publish","type":"page","link":"http:\/\/www.gruposcoutphoenix.com\/blog\/familias\/documentacion\/","title":{"rendered":"Documentaci\u00f3n"},"content":{"rendered":"<p>Documentos de inter\u00e9s del Grupo Scout Phoenix 701:<\/p>\n<ul>\n<li><a href=\"https:\/\/drive.google.com\/file\/d\/1akmslaaV090R9Mzmd0PgrQOIcvdKCb1j\/view?usp=sharing\">PEG (Proyecto Educativo de Grupo)<\/a><\/li>\n<li><a href=\"https:\/\/drive.google.com\/open?id=103BD_pfSadrS1CUGFrRrRpFfkM-Mb2rr\">Programa educativo<\/a> (elaborado por ASDE &#8211; Asociaci\u00f3n de Scouts de Espa\u00f1a)<\/li>\n<li><a href=\"https:\/\/drive.google.com\/drive\/folders\/1CHJLs_kC1vf0IehDQoF_8o9g5hS0chvG?usp=sharing\">Res\u00famenes prog. educativo por secciones<\/a> (extractos programa educativo)<\/li>\n<li><a href=\"https:\/\/drive.google.com\/file\/d\/1cqXWiQ0RnUS4lD8E9rnY5YqdVNGx4dlL\/view?usp=sharing\">Parrilla metodol\u00f3gica<\/a> (parte del programa educativo)<\/li>\n<li><a href=\"https:\/\/drive.google.com\/file\/d\/1xSbbPHwQir5Y_aX8TK5kvuiclKH97BEN\/view?usp=sharing\">Estatutos del grupo<\/a><\/li>\n<li><a href=\"https:\/\/drive.google.com\/file\/d\/14Ng_Dkd5DoHPRNB13B2LuNAbtqA53jVk\/view?usp=sharing\">Plan de adecuaci\u00f3n de actividades (protocolo)<\/a><\/li>\n<\/ul>\n<p>Documentaci\u00f3n a rellenar necesaria para el inicio de la ronda <strong>(s\u00f3lo para scouts ya inscritos\/as)<\/strong>:<\/p>\n<ul>\n<li><a href=\"https:\/\/drive.google.com\/file\/d\/1SjBmn9wVn9K2ALDTZwYykDP8b9w_m1UF\/view?usp=sharing\">Instrucciones para la entrega de la documentaci\u00f3n<\/a><\/li>\n<\/ul>\n<div data-animation=\"no-animation\" data-icons-animation=\"no-animation\" data-overlay=\"\" data-change-size=\"\" data-button-size=\"1\" style=\"font-size:1em!important;display:none;\" class=\"supsystic-social-sharing supsystic-social-sharing-package-flat supsystic-social-sharing-content supsystic-social-sharing-content-align-center\" data-text=\"\"><a data-networks=\"[]\" class=\"social-sharing-button sharer-flat sharer-flat-5 counter-standard without-counter facebook\" target=\"_blank\" title=\"Facebook\" href=\"http:\/\/www.facebook.com\/sharer.php?u=http%3A%2F%2Fwww.gruposcoutphoenix.com%2Fblog%2Ffamilias%2Fdocumentacion%2F\" data-main-href=\"http:\/\/www.facebook.com\/sharer.php?u={url}\" data-nid=\"1\" data-name=\"\" data-pid=\"1\" data-post-id=\"709\" data-url=\"http:\/\/www.gruposcoutphoenix.com\/blog\/wp-admin\/admin-ajax.php\" data-description=\"Documentaci\u00f3n\" rel=\"nofollow\" data-mailto=\"\"><i class=\"fa-ssbs fa-ssbs-fw fa-ssbs-facebook\"><\/i><div class=\"counter-wrap standard\"><span class=\"counter\">119<\/span><\/div><\/a><a data-networks=\"[]\" class=\"social-sharing-button sharer-flat sharer-flat-5 counter-standard without-counter twitter\" target=\"_blank\" title=\"Twitter\" href=\"https:\/\/twitter.com\/share?url=http%3A%2F%2Fwww.gruposcoutphoenix.com%2Fblog%2Ffamilias%2Fdocumentacion%2F&text=Nuevo+post%3A+Documentaci%C3%B3n\" data-main-href=\"https:\/\/twitter.com\/share?url={url}&text={title}\" data-nid=\"2\" data-name=\"\" data-pid=\"1\" data-post-id=\"709\" data-url=\"http:\/\/www.gruposcoutphoenix.com\/blog\/wp-admin\/admin-ajax.php\" data-description=\"Documentaci\u00f3n\" rel=\"nofollow\" data-mailto=\"\"><i class=\"fa-ssbs fa-ssbs-fw fa-ssbs-twitter\"><\/i><div class=\"counter-wrap standard\"><span class=\"counter\">34<\/span><\/div><\/a><a data-networks=\"[]\" class=\"social-sharing-button sharer-flat sharer-flat-5 counter-standard without-counter whatsapp\" target=\"_blank\" title=\"WhatsApp\" href=\"https:\/\/web.whatsapp.com\/send?text=http%3A%2F%2Fwww.gruposcoutphoenix.com%2Fblog%2Ffamilias%2Fdocumentacion%2F\" data-main-href=\"https:\/\/web.whatsapp.com\/send?text={url}\" data-nid=\"18\" data-name=\"\" data-pid=\"1\" data-post-id=\"709\" data-url=\"http:\/\/www.gruposcoutphoenix.com\/blog\/wp-admin\/admin-ajax.php\" data-description=\"Documentaci\u00f3n\" rel=\"nofollow\" data-mailto=\"\"><i class=\"fa-ssbs fa-ssbs-fw fa-ssbs-whatsapp\"><\/i><div class=\"counter-wrap standard\"><span class=\"counter\">113<\/span><\/div><\/a><\/div>","protected":false},"excerpt":{"rendered":"<p>Documentos de inter\u00e9s del Grupo Scout Phoenix 701: PEG (Proyecto Educativo de Grupo) Programa educativo (elaborado por ASDE &#8211; Asociaci\u00f3n de Scouts de Espa\u00f1a) Res\u00famenes prog. educativo por secciones (extractos programa educativo) Parrilla metodol\u00f3gica (parte del programa educativo) Estatutos del grupo Plan de adecuaci\u00f3n de actividades (protocolo) Documentaci\u00f3n a rellenar necesaria para el inicio de [&hellip;]<\/p>\n<div data-animation=\"no-animation\" data-icons-animation=\"no-animation\" data-overlay=\"\" data-change-size=\"\" data-button-size=\"1\" style=\"font-size:1em!important;display:none;\" class=\"supsystic-social-sharing supsystic-social-sharing-package-flat supsystic-social-sharing-content supsystic-social-sharing-content-align-center\" data-text=\"\"><a data-networks=\"[]\" class=\"social-sharing-button sharer-flat sharer-flat-5 counter-standard without-counter facebook\" target=\"_blank\" title=\"Facebook\" href=\"http:\/\/www.facebook.com\/sharer.php?u=http%3A%2F%2Fwww.gruposcoutphoenix.com%2Fblog%2Ffamilias%2Fdocumentacion%2F\" data-main-href=\"http:\/\/www.facebook.com\/sharer.php?u={url}\" data-nid=\"1\" data-name=\"\" data-pid=\"1\" data-post-id=\"709\" data-url=\"http:\/\/www.gruposcoutphoenix.com\/blog\/wp-admin\/admin-ajax.php\" data-description=\"Documentaci\u00f3n\" rel=\"nofollow\" data-mailto=\"\"><i class=\"fa-ssbs fa-ssbs-fw fa-ssbs-facebook\"><\/i><div class=\"counter-wrap standard\"><span class=\"counter\">119<\/span><\/div><\/a><a data-networks=\"[]\" class=\"social-sharing-button sharer-flat sharer-flat-5 counter-standard without-counter twitter\" target=\"_blank\" title=\"Twitter\" href=\"https:\/\/twitter.com\/share?url=http%3A%2F%2Fwww.gruposcoutphoenix.com%2Fblog%2Ffamilias%2Fdocumentacion%2F&text=Nuevo+post%3A+Documentaci%C3%B3n\" data-main-href=\"https:\/\/twitter.com\/share?url={url}&text={title}\" data-nid=\"2\" data-name=\"\" data-pid=\"1\" data-post-id=\"709\" data-url=\"http:\/\/www.gruposcoutphoenix.com\/blog\/wp-admin\/admin-ajax.php\" data-description=\"Documentaci\u00f3n\" rel=\"nofollow\" data-mailto=\"\"><i class=\"fa-ssbs fa-ssbs-fw fa-ssbs-twitter\"><\/i><div class=\"counter-wrap standard\"><span class=\"counter\">34<\/span><\/div><\/a><a data-networks=\"[]\" class=\"social-sharing-button sharer-flat sharer-flat-5 counter-standard without-counter whatsapp\" target=\"_blank\" title=\"WhatsApp\" href=\"https:\/\/web.whatsapp.com\/send?text=http%3A%2F%2Fwww.gruposcoutphoenix.com%2Fblog%2Ffamilias%2Fdocumentacion%2F\" data-main-href=\"https:\/\/web.whatsapp.com\/send?text={url}\" data-nid=\"18\" data-name=\"\" data-pid=\"1\" data-post-id=\"709\" data-url=\"http:\/\/www.gruposcoutphoenix.com\/blog\/wp-admin\/admin-ajax.php\" data-description=\"Documentaci\u00f3n\" rel=\"nofollow\" data-mailto=\"\"><i class=\"fa-ssbs fa-ssbs-fw fa-ssbs-whatsapp\"><\/i><div class=\"counter-wrap standard\"><span class=\"counter\">113<\/span><\/div><\/a><\/div>","protected":false},"author":58,"featured_media":0,"parent":820,"menu_order":1,"comment_status":"closed","ping_status":"closed","template":"","meta":[],"_links":{"self":[{"href":"http:\/\/www.gruposcoutphoenix.com\/blog\/wp-json\/wp\/v2\/pages\/709"}],"collection":[{"href":"http:\/\/www.gruposcoutphoenix.com\/blog\/wp-json\/wp\/v2\/pages"}],"about":[{"href":"http:\/\/www.gruposcoutphoenix.com\/blog\/wp-json\/wp\/v2\/types\/page"}],"author":[{"embeddable":true,"href":"http:\/\/www.gruposcoutphoenix.com\/blog\/wp-json\/wp\/v2\/users\/58"}],"replies":[{"embeddable":true,"href":"http:\/\/www.gruposcoutphoenix.com\/blog\/wp-json\/wp\/v2\/comments?post=709"}],"version-history":[{"count":17,"href":"http:\/\/www.gruposcoutphoenix.com\/blog\/wp-json\/wp\/v2\/pages\/709\/revisions"}],"predecessor-version":[{"id":2361,"href":"http:\/\/www.gruposcoutphoenix.com\/blog\/wp-json\/wp\/v2\/pages\/709\/revisions\/2361"}],"up":[{"embeddable":true,"href":"http:\/\/www.gruposcoutphoenix.com\/blog\/wp-json\/wp\/v2\/pages\/820"}],"wp:attachment":[{"href":"http:\/\/www.gruposcoutphoenix.com\/blog\/wp-json\/wp\/v2\/media?parent=709"}],"curies":[{"name":"wp","href":"https:\/\/api.w.org\/{rel}","templated":true}]}}