{"id":459,"date":"2017-01-19T22:26:37","date_gmt":"2017-01-19T21:26:37","guid":{"rendered":"http:\/\/www.gruposcoutphoenix.com\/blog\/?page_id=459"},"modified":"2017-04-24T21:45:14","modified_gmt":"2017-04-24T20:45:14","slug":"tropa","status":"publish","type":"page","link":"http:\/\/www.gruposcoutphoenix.com\/blog\/secciones\/tropa\/","title":{"rendered":"3. Tropa"},"content":{"rendered":"<p><strong>TROPA<\/strong><\/p>\n<p>Los integrantes de la <span class=\"bold\">Tropa<\/span> son los <span class=\"bold\">Scouts<\/span>.<\/p>\n<p>Al alcanzar los doce a\u00f1os llega el momento de entrar a formar parte de la Tropa Scout.<\/p>\n<p>Es el tiempo de la afirmaci\u00f3n de uno mismo; el deseo de aventura se hace m\u00e1s patente, se desarrolla el car\u00e1cter, las actitudes y la capacidad de vivir en grupo, enriqueci\u00e9ndose personalmente.<\/p>\n<p>En la Tropa se trabaja en Patrullas. La vida en Patrulla potencia el compromiso personal. Eligen sus propios l\u00edderes y programan las actividades, con apoyo de sus educadores. Los chicos y chicas adquieren as\u00ed sus propias responsabilidades y aprenden a valorar el trabajo en equipo.<\/p>\n<p>La imaginaci\u00f3n deja paso a la sed de aventuras. El contacto directo con la Naturaleza y las destrezas para desenvolverse en el medio natural les permiten ir m\u00e1s all\u00e1 en la formaci\u00f3n de s\u00ed mismos y de su personalidad.<\/p>\n<p>A trav\u00e9s de las ?Especialidades?, los chicos aprenden destrezas individuales en \u00e1reas que m\u00e1s les motivan, abriendo as\u00ed el camino de su formaci\u00f3n profesional y de sus aficiones.<\/p>\n<p>Aprenden a tomar decisiones por s\u00ed mismos y colectivamente. Hacen sus actividades en contacto con la Naturaleza y comienzan a tomar conciencia del servicio a los dem\u00e1s. Aspiran a estar <b>Siempre listos<\/b>.<\/p>\n<p><a href=\"http:\/\/www.gruposcoutphoenix.com\/blog\/wp-content\/uploads\/2017\/01\/DSC0448.jpg\"><img loading=\"lazy\" class=\"aligncenter wp-image-689 size-large\" src=\"http:\/\/www.gruposcoutphoenix.com\/blog\/wp-content\/uploads\/2017\/01\/DSC0448-1030x682.jpg\" alt=\"\" width=\"1030\" height=\"682\" srcset=\"http:\/\/www.gruposcoutphoenix.com\/blog\/wp-content\/uploads\/2017\/01\/DSC0448-1030x682.jpg 1030w, http:\/\/www.gruposcoutphoenix.com\/blog\/wp-content\/uploads\/2017\/01\/DSC0448-300x199.jpg 300w, http:\/\/www.gruposcoutphoenix.com\/blog\/wp-content\/uploads\/2017\/01\/DSC0448-768x509.jpg 768w, http:\/\/www.gruposcoutphoenix.com\/blog\/wp-content\/uploads\/2017\/01\/DSC0448-1500x994.jpg 1500w, http:\/\/www.gruposcoutphoenix.com\/blog\/wp-content\/uploads\/2017\/01\/DSC0448-705x467.jpg 705w, http:\/\/www.gruposcoutphoenix.com\/blog\/wp-content\/uploads\/2017\/01\/DSC0448-450x298.jpg 450w\" sizes=\"(max-width: 1030px) 100vw, 1030px\" \/><\/a><\/p>\n<div data-animation=\"no-animation\" data-icons-animation=\"no-animation\" data-overlay=\"\" data-change-size=\"\" data-button-size=\"1\" style=\"font-size:1em!important;display:none;\" class=\"supsystic-social-sharing supsystic-social-sharing-package-flat supsystic-social-sharing-content supsystic-social-sharing-content-align-center\" data-text=\"\"><a data-networks=\"[]\" class=\"social-sharing-button sharer-flat sharer-flat-5 counter-standard without-counter facebook\" target=\"_blank\" title=\"Facebook\" href=\"http:\/\/www.facebook.com\/sharer.php?u=http%3A%2F%2Fwww.gruposcoutphoenix.com%2Fblog%2Fsecciones%2Ftropa%2F\" data-main-href=\"http:\/\/www.facebook.com\/sharer.php?u={url}\" data-nid=\"1\" data-name=\"\" data-pid=\"1\" data-post-id=\"459\" data-url=\"http:\/\/www.gruposcoutphoenix.com\/blog\/wp-admin\/admin-ajax.php\" data-description=\"3. Tropa\" rel=\"nofollow\" data-mailto=\"\"><i class=\"fa-ssbs fa-ssbs-fw fa-ssbs-facebook\"><\/i><div class=\"counter-wrap standard\"><span class=\"counter\">119<\/span><\/div><\/a><a data-networks=\"[]\" class=\"social-sharing-button sharer-flat sharer-flat-5 counter-standard without-counter twitter\" target=\"_blank\" title=\"Twitter\" href=\"https:\/\/twitter.com\/share?url=http%3A%2F%2Fwww.gruposcoutphoenix.com%2Fblog%2Fsecciones%2Ftropa%2F&text=Nuevo+post%3A+3.+Tropa\" data-main-href=\"https:\/\/twitter.com\/share?url={url}&text={title}\" data-nid=\"2\" data-name=\"\" data-pid=\"1\" data-post-id=\"459\" data-url=\"http:\/\/www.gruposcoutphoenix.com\/blog\/wp-admin\/admin-ajax.php\" data-description=\"3. Tropa\" rel=\"nofollow\" data-mailto=\"\"><i class=\"fa-ssbs fa-ssbs-fw fa-ssbs-twitter\"><\/i><div class=\"counter-wrap standard\"><span class=\"counter\">34<\/span><\/div><\/a><a data-networks=\"[]\" class=\"social-sharing-button sharer-flat sharer-flat-5 counter-standard without-counter whatsapp\" target=\"_blank\" title=\"WhatsApp\" href=\"https:\/\/web.whatsapp.com\/send?text=http%3A%2F%2Fwww.gruposcoutphoenix.com%2Fblog%2Fsecciones%2Ftropa%2F\" data-main-href=\"https:\/\/web.whatsapp.com\/send?text={url}\" data-nid=\"18\" data-name=\"\" data-pid=\"1\" data-post-id=\"459\" data-url=\"http:\/\/www.gruposcoutphoenix.com\/blog\/wp-admin\/admin-ajax.php\" data-description=\"3. Tropa\" rel=\"nofollow\" data-mailto=\"\"><i class=\"fa-ssbs fa-ssbs-fw fa-ssbs-whatsapp\"><\/i><div class=\"counter-wrap standard\"><span class=\"counter\">113<\/span><\/div><\/a><\/div>","protected":false},"excerpt":{"rendered":"<p>TROPA Los integrantes de la Tropa son los Scouts. Al alcanzar los doce a\u00f1os llega el momento de entrar a formar parte de la Tropa Scout. Es el tiempo de la afirmaci\u00f3n de uno mismo; el deseo de aventura se hace m\u00e1s patente, se desarrolla el car\u00e1cter, las actitudes y la capacidad de vivir en [&hellip;]<\/p>\n<div data-animation=\"no-animation\" data-icons-animation=\"no-animation\" data-overlay=\"\" data-change-size=\"\" data-button-size=\"1\" style=\"font-size:1em!important;display:none;\" class=\"supsystic-social-sharing supsystic-social-sharing-package-flat supsystic-social-sharing-content supsystic-social-sharing-content-align-center\" data-text=\"\"><a data-networks=\"[]\" class=\"social-sharing-button sharer-flat sharer-flat-5 counter-standard without-counter facebook\" target=\"_blank\" title=\"Facebook\" href=\"http:\/\/www.facebook.com\/sharer.php?u=http%3A%2F%2Fwww.gruposcoutphoenix.com%2Fblog%2Fsecciones%2Ftropa%2F\" data-main-href=\"http:\/\/www.facebook.com\/sharer.php?u={url}\" data-nid=\"1\" data-name=\"\" data-pid=\"1\" data-post-id=\"459\" data-url=\"http:\/\/www.gruposcoutphoenix.com\/blog\/wp-admin\/admin-ajax.php\" data-description=\"3. Tropa\" rel=\"nofollow\" data-mailto=\"\"><i class=\"fa-ssbs fa-ssbs-fw fa-ssbs-facebook\"><\/i><div class=\"counter-wrap standard\"><span class=\"counter\">119<\/span><\/div><\/a><a data-networks=\"[]\" class=\"social-sharing-button sharer-flat sharer-flat-5 counter-standard without-counter twitter\" target=\"_blank\" title=\"Twitter\" href=\"https:\/\/twitter.com\/share?url=http%3A%2F%2Fwww.gruposcoutphoenix.com%2Fblog%2Fsecciones%2Ftropa%2F&text=Nuevo+post%3A+3.+Tropa\" data-main-href=\"https:\/\/twitter.com\/share?url={url}&text={title}\" data-nid=\"2\" data-name=\"\" data-pid=\"1\" data-post-id=\"459\" data-url=\"http:\/\/www.gruposcoutphoenix.com\/blog\/wp-admin\/admin-ajax.php\" data-description=\"3. Tropa\" rel=\"nofollow\" data-mailto=\"\"><i class=\"fa-ssbs fa-ssbs-fw fa-ssbs-twitter\"><\/i><div class=\"counter-wrap standard\"><span class=\"counter\">34<\/span><\/div><\/a><a data-networks=\"[]\" class=\"social-sharing-button sharer-flat sharer-flat-5 counter-standard without-counter whatsapp\" target=\"_blank\" title=\"WhatsApp\" href=\"https:\/\/web.whatsapp.com\/send?text=http%3A%2F%2Fwww.gruposcoutphoenix.com%2Fblog%2Fsecciones%2Ftropa%2F\" data-main-href=\"https:\/\/web.whatsapp.com\/send?text={url}\" data-nid=\"18\" data-name=\"\" data-pid=\"1\" data-post-id=\"459\" data-url=\"http:\/\/www.gruposcoutphoenix.com\/blog\/wp-admin\/admin-ajax.php\" data-description=\"3. Tropa\" rel=\"nofollow\" data-mailto=\"\"><i class=\"fa-ssbs fa-ssbs-fw fa-ssbs-whatsapp\"><\/i><div class=\"counter-wrap standard\"><span class=\"counter\">113<\/span><\/div><\/a><\/div>","protected":false},"author":58,"featured_media":0,"parent":450,"menu_order":2,"comment_status":"closed","ping_status":"closed","template":"","meta":[],"_links":{"self":[{"href":"http:\/\/www.gruposcoutphoenix.com\/blog\/wp-json\/wp\/v2\/pages\/459"}],"collection":[{"href":"http:\/\/www.gruposcoutphoenix.com\/blog\/wp-json\/wp\/v2\/pages"}],"about":[{"href":"http:\/\/www.gruposcoutphoenix.com\/blog\/wp-json\/wp\/v2\/types\/page"}],"author":[{"embeddable":true,"href":"http:\/\/www.gruposcoutphoenix.com\/blog\/wp-json\/wp\/v2\/users\/58"}],"replies":[{"embeddable":true,"href":"http:\/\/www.gruposcoutphoenix.com\/blog\/wp-json\/wp\/v2\/comments?post=459"}],"version-history":[{"count":7,"href":"http:\/\/www.gruposcoutphoenix.com\/blog\/wp-json\/wp\/v2\/pages\/459\/revisions"}],"predecessor-version":[{"id":2105,"href":"http:\/\/www.gruposcoutphoenix.com\/blog\/wp-json\/wp\/v2\/pages\/459\/revisions\/2105"}],"up":[{"embeddable":true,"href":"http:\/\/www.gruposcoutphoenix.com\/blog\/wp-json\/wp\/v2\/pages\/450"}],"wp:attachment":[{"href":"http:\/\/www.gruposcoutphoenix.com\/blog\/wp-json\/wp\/v2\/media?parent=459"}],"curies":[{"name":"wp","href":"https:\/\/api.w.org\/{rel}","templated":true}]}}