{"id":453,"date":"2017-01-19T22:25:35","date_gmt":"2017-01-19T21:25:35","guid":{"rendered":"http:\/\/www.gruposcoutphoenix.com\/blog\/?page_id=453"},"modified":"2017-04-30T21:33:57","modified_gmt":"2017-04-30T20:33:57","slug":"colonia","status":"publish","type":"page","link":"http:\/\/www.gruposcoutphoenix.com\/blog\/secciones\/colonia\/","title":{"rendered":"1. Colonia"},"content":{"rendered":"<p><strong>COLONIA<\/strong><\/p>\n<p>Los integrantes de la <span class=\"bold\">Colonia<\/span> son los <span class=\"bold\">Castores<\/span>.<\/p>\n<p>La Colonia de Castores comprende a los ni\u00f1os y ni\u00f1as de 6 a 8 a\u00f1os. Es la edad de la m\u00e1xima ilusi\u00f3n por descubrirlo todo.<\/p>\n<p>Es la primera vez que salen de casa y comienzan a acercarse a los dem\u00e1s. Contemplan con curiosidad todo lo que les rodea, desarrollando la creatividad.<\/p>\n<p>En la Colonia, los ni\u00f1os y ni\u00f1as aprenden a vivir en grupo y a participar activamente de las actividades junto a otros de su misma edad. El lema \u00abCompartir\u00bb fomenta la igualdad y la solidaridad entre ellos.<\/p>\n<p>A trav\u00e9s de juegos y canciones van desarrollando rutinas y haci\u00e9ndose responsables de sus acciones. El juego desarrolla la imaginaci\u00f3n y la pone al alcance del adulto para hablar as\u00ed el lenguaje del ni\u00f1o y educarle en diferentes \u00e1reas y responsabilidades.<\/p>\n<p>En esta edad es fundamental que vayan adquiriendo responsabilidades, tanto personales como colectivas. Desde la adquisici\u00f3n de h\u00e1bitos de higiene corporal, hasta los conceptos de que ?cada cosa tiene su sitio? o que todos debemos ayudar a recoger despu\u00e9s de una actividad.<\/p>\n<p>Los castores, ni\u00f1os y ni\u00f1as de 6 a 8 a\u00f1os, se van haciendo as\u00ed personitas m\u00e1s aut\u00f3nomas, capaces de resolver situaciones y adquiriendo capacidades que les acompa\u00f1ar\u00e1n el resto de su vida infantil, juvenil y adulta.<\/p>\n<p>Con las excursiones, campamentos y visitas educativas se consigue que el ni\u00f1o vaya poco a poco descubriendo el mundo que lo rodea, compartiendo esas experiencias no solo con los adultos sino con otros de su misma edad, y desarrollando inter\u00e9s temprano en \u00e1reas que le gustan.<\/p>\n<p><a href=\"http:\/\/www.gruposcoutphoenix.com\/blog\/wp-content\/uploads\/2017\/01\/DSC0430.jpg\"><img loading=\"lazy\" class=\"aligncenter wp-image-683 size-large\" src=\"http:\/\/www.gruposcoutphoenix.com\/blog\/wp-content\/uploads\/2017\/01\/DSC0430-1030x682.jpg\" alt=\"\" width=\"1030\" height=\"682\" srcset=\"http:\/\/www.gruposcoutphoenix.com\/blog\/wp-content\/uploads\/2017\/01\/DSC0430-1030x682.jpg 1030w, http:\/\/www.gruposcoutphoenix.com\/blog\/wp-content\/uploads\/2017\/01\/DSC0430-300x199.jpg 300w, http:\/\/www.gruposcoutphoenix.com\/blog\/wp-content\/uploads\/2017\/01\/DSC0430-768x509.jpg 768w, http:\/\/www.gruposcoutphoenix.com\/blog\/wp-content\/uploads\/2017\/01\/DSC0430-1500x994.jpg 1500w, http:\/\/www.gruposcoutphoenix.com\/blog\/wp-content\/uploads\/2017\/01\/DSC0430-705x467.jpg 705w, http:\/\/www.gruposcoutphoenix.com\/blog\/wp-content\/uploads\/2017\/01\/DSC0430-450x298.jpg 450w\" sizes=\"(max-width: 1030px) 100vw, 1030px\" \/><\/a><\/p>\n<div data-animation=\"no-animation\" data-icons-animation=\"no-animation\" data-overlay=\"\" data-change-size=\"\" data-button-size=\"1\" style=\"font-size:1em!important;display:none;\" class=\"supsystic-social-sharing supsystic-social-sharing-package-flat supsystic-social-sharing-content supsystic-social-sharing-content-align-center\" data-text=\"\"><a data-networks=\"[]\" class=\"social-sharing-button sharer-flat sharer-flat-5 counter-standard without-counter facebook\" target=\"_blank\" title=\"Facebook\" href=\"http:\/\/www.facebook.com\/sharer.php?u=http%3A%2F%2Fwww.gruposcoutphoenix.com%2Fblog%2Fsecciones%2Fcolonia%2F\" data-main-href=\"http:\/\/www.facebook.com\/sharer.php?u={url}\" data-nid=\"1\" data-name=\"\" data-pid=\"1\" data-post-id=\"453\" data-url=\"http:\/\/www.gruposcoutphoenix.com\/blog\/wp-admin\/admin-ajax.php\" data-description=\"1. Colonia\" rel=\"nofollow\" data-mailto=\"\"><i class=\"fa-ssbs fa-ssbs-fw fa-ssbs-facebook\"><\/i><div class=\"counter-wrap standard\"><span class=\"counter\">119<\/span><\/div><\/a><a data-networks=\"[]\" class=\"social-sharing-button sharer-flat sharer-flat-5 counter-standard without-counter twitter\" target=\"_blank\" title=\"Twitter\" href=\"https:\/\/twitter.com\/share?url=http%3A%2F%2Fwww.gruposcoutphoenix.com%2Fblog%2Fsecciones%2Fcolonia%2F&text=Nuevo+post%3A+1.+Colonia\" data-main-href=\"https:\/\/twitter.com\/share?url={url}&text={title}\" data-nid=\"2\" data-name=\"\" data-pid=\"1\" data-post-id=\"453\" data-url=\"http:\/\/www.gruposcoutphoenix.com\/blog\/wp-admin\/admin-ajax.php\" data-description=\"1. Colonia\" rel=\"nofollow\" data-mailto=\"\"><i class=\"fa-ssbs fa-ssbs-fw fa-ssbs-twitter\"><\/i><div class=\"counter-wrap standard\"><span class=\"counter\">34<\/span><\/div><\/a><a data-networks=\"[]\" class=\"social-sharing-button sharer-flat sharer-flat-5 counter-standard without-counter whatsapp\" target=\"_blank\" title=\"WhatsApp\" href=\"https:\/\/web.whatsapp.com\/send?text=http%3A%2F%2Fwww.gruposcoutphoenix.com%2Fblog%2Fsecciones%2Fcolonia%2F\" data-main-href=\"https:\/\/web.whatsapp.com\/send?text={url}\" data-nid=\"18\" data-name=\"\" data-pid=\"1\" data-post-id=\"453\" data-url=\"http:\/\/www.gruposcoutphoenix.com\/blog\/wp-admin\/admin-ajax.php\" data-description=\"1. Colonia\" rel=\"nofollow\" data-mailto=\"\"><i class=\"fa-ssbs fa-ssbs-fw fa-ssbs-whatsapp\"><\/i><div class=\"counter-wrap standard\"><span class=\"counter\">113<\/span><\/div><\/a><\/div>","protected":false},"excerpt":{"rendered":"<p>COLONIA Los integrantes de la Colonia son los Castores. La Colonia de Castores comprende a los ni\u00f1os y ni\u00f1as de 6 a 8 a\u00f1os. Es la edad de la m\u00e1xima ilusi\u00f3n por descubrirlo todo. Es la primera vez que salen de casa y comienzan a acercarse a los dem\u00e1s. Contemplan con curiosidad todo lo que [&hellip;]<\/p>\n<div data-animation=\"no-animation\" data-icons-animation=\"no-animation\" data-overlay=\"\" data-change-size=\"\" data-button-size=\"1\" style=\"font-size:1em!important;display:none;\" class=\"supsystic-social-sharing supsystic-social-sharing-package-flat supsystic-social-sharing-content supsystic-social-sharing-content-align-center\" data-text=\"\"><a data-networks=\"[]\" class=\"social-sharing-button sharer-flat sharer-flat-5 counter-standard without-counter facebook\" target=\"_blank\" title=\"Facebook\" href=\"http:\/\/www.facebook.com\/sharer.php?u=http%3A%2F%2Fwww.gruposcoutphoenix.com%2Fblog%2Fsecciones%2Fcolonia%2F\" data-main-href=\"http:\/\/www.facebook.com\/sharer.php?u={url}\" data-nid=\"1\" data-name=\"\" data-pid=\"1\" data-post-id=\"453\" data-url=\"http:\/\/www.gruposcoutphoenix.com\/blog\/wp-admin\/admin-ajax.php\" data-description=\"1. Colonia\" rel=\"nofollow\" data-mailto=\"\"><i class=\"fa-ssbs fa-ssbs-fw fa-ssbs-facebook\"><\/i><div class=\"counter-wrap standard\"><span class=\"counter\">119<\/span><\/div><\/a><a data-networks=\"[]\" class=\"social-sharing-button sharer-flat sharer-flat-5 counter-standard without-counter twitter\" target=\"_blank\" title=\"Twitter\" href=\"https:\/\/twitter.com\/share?url=http%3A%2F%2Fwww.gruposcoutphoenix.com%2Fblog%2Fsecciones%2Fcolonia%2F&text=Nuevo+post%3A+1.+Colonia\" data-main-href=\"https:\/\/twitter.com\/share?url={url}&text={title}\" data-nid=\"2\" data-name=\"\" data-pid=\"1\" data-post-id=\"453\" data-url=\"http:\/\/www.gruposcoutphoenix.com\/blog\/wp-admin\/admin-ajax.php\" data-description=\"1. Colonia\" rel=\"nofollow\" data-mailto=\"\"><i class=\"fa-ssbs fa-ssbs-fw fa-ssbs-twitter\"><\/i><div class=\"counter-wrap standard\"><span class=\"counter\">34<\/span><\/div><\/a><a data-networks=\"[]\" class=\"social-sharing-button sharer-flat sharer-flat-5 counter-standard without-counter whatsapp\" target=\"_blank\" title=\"WhatsApp\" href=\"https:\/\/web.whatsapp.com\/send?text=http%3A%2F%2Fwww.gruposcoutphoenix.com%2Fblog%2Fsecciones%2Fcolonia%2F\" data-main-href=\"https:\/\/web.whatsapp.com\/send?text={url}\" data-nid=\"18\" data-name=\"\" data-pid=\"1\" data-post-id=\"453\" data-url=\"http:\/\/www.gruposcoutphoenix.com\/blog\/wp-admin\/admin-ajax.php\" data-description=\"1. Colonia\" rel=\"nofollow\" data-mailto=\"\"><i class=\"fa-ssbs fa-ssbs-fw fa-ssbs-whatsapp\"><\/i><div class=\"counter-wrap standard\"><span class=\"counter\">113<\/span><\/div><\/a><\/div>","protected":false},"author":58,"featured_media":0,"parent":450,"menu_order":0,"comment_status":"closed","ping_status":"closed","template":"","meta":[],"_links":{"self":[{"href":"http:\/\/www.gruposcoutphoenix.com\/blog\/wp-json\/wp\/v2\/pages\/453"}],"collection":[{"href":"http:\/\/www.gruposcoutphoenix.com\/blog\/wp-json\/wp\/v2\/pages"}],"about":[{"href":"http:\/\/www.gruposcoutphoenix.com\/blog\/wp-json\/wp\/v2\/types\/page"}],"author":[{"embeddable":true,"href":"http:\/\/www.gruposcoutphoenix.com\/blog\/wp-json\/wp\/v2\/users\/58"}],"replies":[{"embeddable":true,"href":"http:\/\/www.gruposcoutphoenix.com\/blog\/wp-json\/wp\/v2\/comments?post=453"}],"version-history":[{"count":8,"href":"http:\/\/www.gruposcoutphoenix.com\/blog\/wp-json\/wp\/v2\/pages\/453\/revisions"}],"predecessor-version":[{"id":2370,"href":"http:\/\/www.gruposcoutphoenix.com\/blog\/wp-json\/wp\/v2\/pages\/453\/revisions\/2370"}],"up":[{"embeddable":true,"href":"http:\/\/www.gruposcoutphoenix.com\/blog\/wp-json\/wp\/v2\/pages\/450"}],"wp:attachment":[{"href":"http:\/\/www.gruposcoutphoenix.com\/blog\/wp-json\/wp\/v2\/media?parent=453"}],"curies":[{"name":"wp","href":"https:\/\/api.w.org\/{rel}","templated":true}]}}